{"id":39,"date":"2024-04-22T13:04:31","date_gmt":"2024-04-22T13:04:31","guid":{"rendered":"https:\/\/novaveritas.education\/?page_id=39"},"modified":"2024-04-22T13:33:33","modified_gmt":"2024-04-22T13:33:33","slug":"galeria-de-imagenes","status":"publish","type":"page","link":"https:\/\/novaveritas.education\/index.php\/galeria-de-imagenes\/","title":{"rendered":"Galer\u00eda"},"content":{"rendered":"\n<div class=\"wp-block-columns is-layout-flex wp-container-core-columns-is-layout-9d6595d7 wp-block-columns-is-layout-flex\">\n<div class=\"wp-block-column is-layout-flow wp-block-column-is-layout-flow\">\n<p>Im\u00e1genes del grupo Novaveritas \/ Escuela Normas ISO<\/p>\n<\/div>\n<\/div>\n\n\n\n<figure class=\"wp-block-table is-style-stripes\"><table><tbody><tr><td><img loading=\"lazy\" decoding=\"async\" width=\"800\" height=\"373\" class=\"wp-image-45\" style=\"width: 800px;\" src=\"https:\/\/novaveritas.education\/wp-content\/uploads\/2024\/04\/novaveritas-academy-sede.png\" alt=\"\" srcset=\"https:\/\/novaveritas.education\/wp-content\/uploads\/2024\/04\/novaveritas-academy-sede.png 600w, https:\/\/novaveritas.education\/wp-content\/uploads\/2024\/04\/novaveritas-academy-sede-300x140.png 300w\" sizes=\"auto, (max-width: 800px) 100vw, 800px\" \/><br>Casa matriz de Escuela Normas ISO\/Novaveritas Academy en Asunci\u00f3n, Paraguay.<\/td><\/tr><tr><td><img loading=\"lazy\" decoding=\"async\" width=\"800\" height=\"373\" class=\"wp-image-46\" style=\"width: 800px;\" src=\"https:\/\/novaveritas.education\/wp-content\/uploads\/2024\/04\/novaveritas-academy-6.png\" alt=\"\" srcset=\"https:\/\/novaveritas.education\/wp-content\/uploads\/2024\/04\/novaveritas-academy-6.png 600w, https:\/\/novaveritas.education\/wp-content\/uploads\/2024\/04\/novaveritas-academy-6-300x140.png 300w\" sizes=\"auto, (max-width: 800px) 100vw, 800px\" \/> <br>Cursos de capacitaci\u00f3n, formaci\u00f3n de auditores ISO 45001:2018 en Ciudad del Este.<\/td><\/tr><tr><td><img loading=\"lazy\" decoding=\"async\" width=\"800\" height=\"356\" class=\"wp-image-47\" style=\"width: 800px;\" src=\"https:\/\/novaveritas.education\/wp-content\/uploads\/2024\/04\/novaveritas-graduados-cde.png\" alt=\"\" srcset=\"https:\/\/novaveritas.education\/wp-content\/uploads\/2024\/04\/novaveritas-graduados-cde.png 800w, https:\/\/novaveritas.education\/wp-content\/uploads\/2024\/04\/novaveritas-graduados-cde-300x134.png 300w, https:\/\/novaveritas.education\/wp-content\/uploads\/2024\/04\/novaveritas-graduados-cde-768x342.png 768w\" sizes=\"auto, (max-width: 800px) 100vw, 800px\" \/><br>Entrega de certificados a los auditores graduados en Ciudad del Este. <\/td><\/tr><tr><td><img loading=\"lazy\" decoding=\"async\" width=\"800\" height=\"373\" class=\"wp-image-48\" style=\"width: 800px;\" src=\"https:\/\/novaveritas.education\/wp-content\/uploads\/2024\/04\/novaveritas-academy-72.png\" alt=\"\" srcset=\"https:\/\/novaveritas.education\/wp-content\/uploads\/2024\/04\/novaveritas-academy-72.png 600w, https:\/\/novaveritas.education\/wp-content\/uploads\/2024\/04\/novaveritas-academy-72-300x140.png 300w\" sizes=\"auto, (max-width: 800px) 100vw, 800px\" \/><br>Curso de Capacitaci\u00f3n en Primeros Auxilios en la empresa Beltrom S.A. de Lambar\u00e9, Asunci\u00f3n.<\/td><\/tr><tr><td><img loading=\"lazy\" decoding=\"async\" width=\"800\" height=\"373\" class=\"wp-image-49\" style=\"width: 800px;\" src=\"https:\/\/novaveritas.education\/wp-content\/uploads\/2024\/04\/novaveritas-academy-64.png\" alt=\"\" srcset=\"https:\/\/novaveritas.education\/wp-content\/uploads\/2024\/04\/novaveritas-academy-64.png 600w, https:\/\/novaveritas.education\/wp-content\/uploads\/2024\/04\/novaveritas-academy-64-300x140.png 300w\" sizes=\"auto, (max-width: 800px) 100vw, 800px\" \/><br>Examen final en el curso de familiarizaci\u00f3n con el Sistema de Gesti\u00f3n de la Calidad en Beltrom S.A.<\/td><\/tr><tr><td><img loading=\"lazy\" decoding=\"async\" width=\"800\" height=\"360\" class=\"wp-image-50\" style=\"width: 800px;\" src=\"https:\/\/novaveritas.education\/wp-content\/uploads\/2024\/04\/novaveritas-beltrom001.png\" alt=\"\" srcset=\"https:\/\/novaveritas.education\/wp-content\/uploads\/2024\/04\/novaveritas-beltrom001.png 800w, https:\/\/novaveritas.education\/wp-content\/uploads\/2024\/04\/novaveritas-beltrom001-300x135.png 300w, https:\/\/novaveritas.education\/wp-content\/uploads\/2024\/04\/novaveritas-beltrom001-768x346.png 768w\" sizes=\"auto, (max-width: 800px) 100vw, 800px\" \/><br>Entrega de certificados al talento humano en Beltrom S.A.<\/td><\/tr><tr><td><img loading=\"lazy\" decoding=\"async\" width=\"800\" height=\"373\" class=\"wp-image-51\" style=\"width: 800px;\" src=\"https:\/\/novaveritas.education\/wp-content\/uploads\/2024\/04\/novaveritas-academy-96.png\" alt=\"\" srcset=\"https:\/\/novaveritas.education\/wp-content\/uploads\/2024\/04\/novaveritas-academy-96.png 600w, https:\/\/novaveritas.education\/wp-content\/uploads\/2024\/04\/novaveritas-academy-96-300x140.png 300w\" sizes=\"auto, (max-width: 800px) 100vw, 800px\" \/><br>Culminaci\u00f3n del curso de formaci\u00f3n de auditor ISO 45001:2018 con menci\u00f3n en gesti\u00f3n del riesgo. La actividad se realiz\u00f3 en el auditorio del Centro Cultural Mangor\u00e9 de Ciudad del Este.<\/td><\/tr><tr><td><img loading=\"lazy\" decoding=\"async\" width=\"800\" height=\"373\" class=\"wp-image-52\" style=\"width: 800px;\" src=\"https:\/\/novaveritas.education\/wp-content\/uploads\/2024\/04\/novaveritas-academy-88.png\" alt=\"\" srcset=\"https:\/\/novaveritas.education\/wp-content\/uploads\/2024\/04\/novaveritas-academy-88.png 600w, https:\/\/novaveritas.education\/wp-content\/uploads\/2024\/04\/novaveritas-academy-88-300x140.png 300w\" sizes=\"auto, (max-width: 800px) 100vw, 800px\" \/><br>Diplomado en Comercio Internacional organizado por la C\u00e1mara de Empresarios de Ciudad del Este, dise\u00f1ado por Escuela Normas ISO y certificado por la Universidad UNINTER de esa ciudad.<\/td><\/tr><tr><td><img loading=\"lazy\" decoding=\"async\" width=\"800\" height=\"373\" class=\"wp-image-53\" style=\"width: 800px;\" src=\"https:\/\/novaveritas.education\/wp-content\/uploads\/2024\/04\/novaveritas-academy-84.png\" alt=\"\" srcset=\"https:\/\/novaveritas.education\/wp-content\/uploads\/2024\/04\/novaveritas-academy-84.png 600w, https:\/\/novaveritas.education\/wp-content\/uploads\/2024\/04\/novaveritas-academy-84-300x140.png 300w\" sizes=\"auto, (max-width: 800px) 100vw, 800px\" \/><br>Realizaci\u00f3n de talleres en comercio exterior durante el Diplomado del mismo nombre.<\/td><\/tr><tr><td><img loading=\"lazy\" decoding=\"async\" width=\"800\" height=\"373\" class=\"wp-image-54\" style=\"width: 800px;\" src=\"https:\/\/novaveritas.education\/wp-content\/uploads\/2024\/04\/novaveritas-academy-27.png\" alt=\"\" srcset=\"https:\/\/novaveritas.education\/wp-content\/uploads\/2024\/04\/novaveritas-academy-27.png 600w, https:\/\/novaveritas.education\/wp-content\/uploads\/2024\/04\/novaveritas-academy-27-300x140.png 300w\" sizes=\"auto, (max-width: 800px) 100vw, 800px\" \/><\/td><\/tr><tr><td>Graduaci\u00f3n del talento humano de la C\u00e1mara de Empresarios de Ciudad del Este y Alto Paran\u00e1 en el curso de familiarizaci\u00f3n con la norma ISO 9001:2015.<\/td><\/tr><\/tbody><\/table><\/figure>\n","protected":false},"excerpt":{"rendered":"<p>Im\u00e1genes del grupo Novaveritas \/ Escuela Normas ISO Casa matriz de Escuela Normas ISO\/Novaveritas Academy en Asunci\u00f3n, Paraguay. Cursos de capacitaci\u00f3n, formaci\u00f3n de auditores ISO 45001:2018 en Ciudad del Este. Entrega de certificados a los auditores graduados en Ciudad del Este. Curso de Capacitaci\u00f3n en Primeros Auxilios en la empresa Beltrom S.A. de Lambar\u00e9, Asunci\u00f3n. [&hellip;]<\/p>\n","protected":false},"author":1,"featured_media":0,"parent":0,"menu_order":0,"comment_status":"closed","ping_status":"closed","template":"","meta":{"footnotes":""},"class_list":["post-39","page","type-page","status-publish","hentry"],"_links":{"self":[{"href":"https:\/\/novaveritas.education\/index.php\/wp-json\/wp\/v2\/pages\/39","targetHints":{"allow":["GET"]}}],"collection":[{"href":"https:\/\/novaveritas.education\/index.php\/wp-json\/wp\/v2\/pages"}],"about":[{"href":"https:\/\/novaveritas.education\/index.php\/wp-json\/wp\/v2\/types\/page"}],"author":[{"embeddable":true,"href":"https:\/\/novaveritas.education\/index.php\/wp-json\/wp\/v2\/users\/1"}],"replies":[{"embeddable":true,"href":"https:\/\/novaveritas.education\/index.php\/wp-json\/wp\/v2\/comments?post=39"}],"version-history":[{"count":5,"href":"https:\/\/novaveritas.education\/index.php\/wp-json\/wp\/v2\/pages\/39\/revisions"}],"predecessor-version":[{"id":56,"href":"https:\/\/novaveritas.education\/index.php\/wp-json\/wp\/v2\/pages\/39\/revisions\/56"}],"wp:attachment":[{"href":"https:\/\/novaveritas.education\/index.php\/wp-json\/wp\/v2\/media?parent=39"}],"curies":[{"name":"wp","href":"https:\/\/api.w.org\/{rel}","templated":true}]}}