{"id":356,"date":"2024-09-28T04:10:07","date_gmt":"2024-09-28T04:10:07","guid":{"rendered":"https:\/\/novaveritas.education\/?page_id=356"},"modified":"2024-09-28T04:17:08","modified_gmt":"2024-09-28T04:17:08","slug":"faq","status":"publish","type":"page","link":"https:\/\/novaveritas.education\/index.php\/faq\/","title":{"rendered":"FAQ"},"content":{"rendered":"\n<h2 class=\"wp-block-heading\"><strong>Preguntas frecuentes<\/strong><\/h2>\n\n\n\n<figure class=\"wp-block-image size-full\"><img loading=\"lazy\" decoding=\"async\" width=\"1024\" height=\"576\" src=\"https:\/\/novaveritas.education\/wp-content\/uploads\/2024\/09\/Diseno-sin-titulo-2024-09-28T001526.431.png\" alt=\"\" class=\"wp-image-359\" srcset=\"https:\/\/novaveritas.education\/wp-content\/uploads\/2024\/09\/Diseno-sin-titulo-2024-09-28T001526.431.png 1024w, https:\/\/novaveritas.education\/wp-content\/uploads\/2024\/09\/Diseno-sin-titulo-2024-09-28T001526.431-300x169.png 300w, https:\/\/novaveritas.education\/wp-content\/uploads\/2024\/09\/Diseno-sin-titulo-2024-09-28T001526.431-768x432.png 768w\" sizes=\"auto, (max-width: 1024px) 100vw, 1024px\" \/><\/figure>\n\n\n\n<p><strong>\u00bfC\u00f3mo me matriculo?<\/strong><br>Para matricularte, primero debes realizar el pago del arancel \u00fanico correspondiente a tu curso.<\/p>\n\n\n\n<p><strong>\u00bfD\u00f3nde puedo realizar el pago?<\/strong><br>Cada curso tiene una plataforma espec\u00edfica de pago o una metodolog\u00eda a trav\u00e9s de transferencia bancaria. Para m\u00e1s detalles, consulta a tu agente comercial o contacta directamente al Director de Operaciones de la Escuela a trav\u00e9s del enlace: <a href=\"https:\/\/wa.me\/595991210677\" target=\"_blank\" rel=\"noreferrer noopener\">https:\/\/wa.me\/595991210677<\/a>.<\/p>\n\n\n\n<p><strong>\u00bfQu\u00e9 debo hacer una vez que he pagado?<\/strong><br>Completa el formulario de matr\u00edcula, sube el comprobante de pago en formato PDF o imagen, y notifica a tu agente comercial o al Director de Operaciones de la Escuela al enlace: <a href=\"https:\/\/wa.me\/595991210677\" target=\"_blank\" rel=\"noreferrer noopener\">https:\/\/wa.me\/595991210677<\/a>.<\/p>\n\n\n\n<p><strong>\u00bfAceptan pagos v\u00eda Western Union?<\/strong><br>No, los \u00fanicos medios de pago habilitados son los siguientes:<br>a) Estados Unidos: Banco PNC<br>b) Panam\u00e1: Banco Aliado<br>c) Paraguay: Banco Atlas y Banco Ueno<br>d) Tarjetas de cr\u00e9dito y d\u00e9bito a trav\u00e9s de Stripe<br>e) Pagos v\u00eda PayPal<br>f) Zelle<br>Para m\u00e1s informaci\u00f3n, revisa la Circular 003 | Formas de Pago en el enlace: <a href=\"https:\/\/novaveritas.education\/inter\/circulares\/Circ_003_formas_de_pago.pdf\" target=\"_blank\" rel=\"noreferrer noopener\">https:\/\/novaveritas.education\/inter\/circulares\/Circ_003_formas_de_pago.pdf<\/a>.<\/p>\n\n\n\n<p><strong>\u00bfPuedo transferir a la cuenta de una persona natural?<\/strong><br>No, si transfieres a la cuenta de una persona natural, el pago no ser\u00e1 reconocido. Los \u00fanicos medios de pago autorizados son los mencionados anteriormente.<\/p>\n\n\n\n<p><strong>\u00bfCu\u00e1nto tiempo tarda el proceso de matr\u00edcula una vez que he pagado?<\/strong><br>Por lo general, la matr\u00edcula es inmediata. Sin embargo, el inicio del curso depende de la fecha establecida en la Planificaci\u00f3n de los Cursos.<\/p>\n\n\n\n<p><strong>\u00bfEn cu\u00e1nto tiempo puedo completar el curso?<\/strong><br>Los cursos asincr\u00f3nicos tienen una duraci\u00f3n planificada de entre 4 a 6 semanas. Despu\u00e9s de ese per\u00edodo, tendr\u00e1s dos semanas adicionales para finalizar todas tus actividades. El curso se cierra oficialmente dos semanas despu\u00e9s de la fecha del \u00faltimo examen, y los diplomas se emiten dos semanas despu\u00e9s del cierre.<\/p>\n\n\n\n<p><strong>Si tengo urgencia en recibir el diploma, \u00bfqu\u00e9 puedo hacer?<\/strong><br>Deber\u00e1s comunicarte con el Director de Operaciones de la Escuela a trav\u00e9s del enlace: <a href=\"https:\/\/wa.me\/595991210677\" target=\"_blank\" rel=\"noreferrer noopener\">https:\/\/wa.me\/595991210677<\/a>.<\/p>\n\n\n\n<p><strong>\u00bfQu\u00e9 validez tienen los cursos de Novaveritas Educativa?<\/strong><br>Te recomendamos revisar la Circular 002 | Legislaci\u00f3n aplicable en el siguiente enlace: <a href=\"https:\/\/novaveritas.education\/inter\/circulares\/Circ_002_legislacion_aplicable.pdf\" target=\"_blank\" rel=\"noreferrer noopener\">https:\/\/novaveritas.education\/inter\/circulares\/Circ_002_legislacion_aplicable.pdf<\/a>.<\/p>\n\n\n\n<p><strong>\u00bfCu\u00e1les son mis responsabilidades como alumno?<\/strong><br>Revisa la Circular 004 | Deberes de los Participantes en el enlace: <a href=\"https:\/\/novaveritas.education\/inter\/circulares\/Circ_004_deberes_de_los_participantes.pdf\" target=\"_blank\" rel=\"noreferrer noopener\">https:\/\/novaveritas.education\/inter\/circulares\/Circ_004_deberes_de_los_participantes.pdf<\/a>.<\/p>\n\n\n\n<p><strong>\u00bfCu\u00e1les son los instrumentos de acreditaci\u00f3n ofrecidos por Novaveritas Educativa y sus costos?<\/strong><br>Revisa la Circular 005 | Instrumentos de Acreditaci\u00f3n en el enlace: <a href=\"https:\/\/novaveritas.education\/inter\/circulares\/Circ_005_instrumentos_de_acreditacion.pdf\" target=\"_blank\" rel=\"noreferrer noopener\">https:\/\/novaveritas.education\/inter\/circulares\/Circ_005_instrumentos_de_acreditacion.pdf<\/a>.<\/p>\n\n\n\n<p><strong>\u00bfExiste alg\u00fan reglamento para los participantes?<\/strong><br>S\u00ed, lo puedes revisar en la Circular 006 | Reglamento del Participante en el enlace: <a href=\"https:\/\/novaveritas.education\/inter\/circulares\/Circ_006_reglamento_del_participante.pdf\" target=\"_blank\" rel=\"noreferrer noopener\">https:\/\/novaveritas.education\/inter\/circulares\/Circ_006_reglamento_del_participante.pdf<\/a>.<\/p>\n\n\n\n<p><strong>\u00bfTienen un reglamento interno?<\/strong><br>S\u00ed, lo puedes revisar en la Circular 010 | Reglamento Interno en el enlace: <a href=\"https:\/\/novaveritas.education\/inter\/circulares\/Circ_009_Reglamento_Interno.pdf\" target=\"_blank\" rel=\"noreferrer noopener\">https:\/\/novaveritas.education\/inter\/circulares\/Circ_009_Reglamento_Interno.pdf<\/a> o haciendo clic en el siguiente enlace: <a href=\"https:\/\/novaveritas.education\/inter\/sgc\/reglamentos\/NVA_RT_230812-001.pdf\" target=\"_blank\" rel=\"noreferrer noopener\">https:\/\/novaveritas.education\/inter\/sgc\/reglamentos\/NVA_RT_230812-001.pdf<\/a>.<\/p>\n\n\n\n<p><strong>\u00bfPuedo solicitar una factura oficial por los servicios?<\/strong><br>S\u00ed, puedes revisar la Circular 007 | Facturaci\u00f3n de los Servicios en el enlace: <a href=\"https:\/\/novaveritas.education\/inter\/circulares\/Circ_007_facturacion_de_servicios.pdf\" target=\"_blank\" rel=\"noreferrer noopener\">https:\/\/novaveritas.education\/inter\/circulares\/Circ_007_facturacion_de_servicios.pdf<\/a>.<\/p>\n\n\n\n<p><strong>\u00bfQu\u00e9 tipo de certificaci\u00f3n tiene Novaveritas Educativa?<\/strong><br>Desde el 1 de abril de 2024, Novaveritas Academy de Management Academy LLC obtuvo la certificaci\u00f3n ISO 9001:2015 para el alcance de: \u00abDise\u00f1o, comercializaci\u00f3n y desarrollo de cursos de formaci\u00f3n continua y evaluaci\u00f3n de perfiles de competencias en el \u00e1mbito de la gesti\u00f3n empresarial; ambiente; energ\u00eda; salud y seguridad en el trabajo; ciberseguridad y seguridad de la informaci\u00f3n, y gesti\u00f3n de alimentos.\u00bb (C\u00f3digos IAF 37; 35). La certificaci\u00f3n fue otorgada por ARS Assessment Private Limited bajo un esquema acreditado por UAF\/IAF. Puedes revisar el certificado en la Circular 008 | Certificaci\u00f3n ISO en el enlace: <a href=\"https:\/\/novaveritas.education\/inter\/circulares\/Circ_008_certificacion-iso.pdf\" target=\"_blank\" rel=\"noreferrer noopener\">https:\/\/novaveritas.education\/inter\/circulares\/Circ_008_certificacion-iso.pdf<\/a>.<\/p>\n\n\n\n<p><strong>\u00bfCu\u00e1l es el valor oficial de los cursos de Novaveritas?<\/strong><br>Puedes revisar la Circular 010 | Oficialidad de nuestros cursos en el siguiente enlace: <a href=\"https:\/\/novaveritas.education\/inter\/circulares\/Circ_010_Oficialidad-de-cursos.pdf\" target=\"_blank\" rel=\"noreferrer noopener\">https:\/\/novaveritas.education\/inter\/circulares\/Circ_010_Oficialidad-de-cursos.pdf<\/a>.<\/p>\n\n\n\n<p><strong>\u00bfQu\u00e9 pasa si no termin\u00e9 el curso a tiempo?<\/strong><br>Si no lograste terminar el curso dentro del tiempo estipulado, debes solicitar una habilitaci\u00f3n de la plataforma, la cual tiene un costo de US$ 50.<\/p>\n\n\n\n<p><\/p>\n","protected":false},"excerpt":{"rendered":"<p>Preguntas frecuentes \u00bfC\u00f3mo me matriculo?Para matricularte, primero debes realizar el pago del arancel \u00fanico correspondiente a tu curso. \u00bfD\u00f3nde puedo realizar el pago?Cada curso tiene una plataforma espec\u00edfica de pago o una metodolog\u00eda a trav\u00e9s de transferencia bancaria. Para m\u00e1s detalles, consulta a tu agente comercial o contacta directamente al Director de Operaciones de la [&hellip;]<\/p>\n","protected":false},"author":1,"featured_media":359,"parent":0,"menu_order":0,"comment_status":"closed","ping_status":"closed","template":"","meta":{"footnotes":""},"class_list":["post-356","page","type-page","status-publish","has-post-thumbnail","hentry"],"_links":{"self":[{"href":"https:\/\/novaveritas.education\/index.php\/wp-json\/wp\/v2\/pages\/356","targetHints":{"allow":["GET"]}}],"collection":[{"href":"https:\/\/novaveritas.education\/index.php\/wp-json\/wp\/v2\/pages"}],"about":[{"href":"https:\/\/novaveritas.education\/index.php\/wp-json\/wp\/v2\/types\/page"}],"author":[{"embeddable":true,"href":"https:\/\/novaveritas.education\/index.php\/wp-json\/wp\/v2\/users\/1"}],"replies":[{"embeddable":true,"href":"https:\/\/novaveritas.education\/index.php\/wp-json\/wp\/v2\/comments?post=356"}],"version-history":[{"count":3,"href":"https:\/\/novaveritas.education\/index.php\/wp-json\/wp\/v2\/pages\/356\/revisions"}],"predecessor-version":[{"id":386,"href":"https:\/\/novaveritas.education\/index.php\/wp-json\/wp\/v2\/pages\/356\/revisions\/386"}],"wp:featuredmedia":[{"embeddable":true,"href":"https:\/\/novaveritas.education\/index.php\/wp-json\/wp\/v2\/media\/359"}],"wp:attachment":[{"href":"https:\/\/novaveritas.education\/index.php\/wp-json\/wp\/v2\/media?parent=356"}],"curies":[{"name":"wp","href":"https:\/\/api.w.org\/{rel}","templated":true}]}}