{"id":308,"date":"2024-09-28T01:17:20","date_gmt":"2024-09-28T01:17:20","guid":{"rendered":"https:\/\/novaveritas.education\/?page_id=308"},"modified":"2024-09-28T01:44:29","modified_gmt":"2024-09-28T01:44:29","slug":"dc-auditor-del-sistema-de-gestion-integrado","status":"publish","type":"page","link":"https:\/\/novaveritas.education\/index.php\/dc-auditor-del-sistema-de-gestion-integrado\/","title":{"rendered":"DC Auditor del Sistema de Gesti\u00f3n Integrado"},"content":{"rendered":"\n<figure class=\"wp-block-image size-full\"><img loading=\"lazy\" decoding=\"async\" width=\"1024\" height=\"576\" src=\"https:\/\/novaveritas.education\/wp-content\/uploads\/2024\/09\/Auditor-Trinirma-ISO-90012015-ISO-140012015-ISO-450012018.png\" alt=\"\" class=\"wp-image-310\" srcset=\"https:\/\/novaveritas.education\/wp-content\/uploads\/2024\/09\/Auditor-Trinirma-ISO-90012015-ISO-140012015-ISO-450012018.png 1024w, https:\/\/novaveritas.education\/wp-content\/uploads\/2024\/09\/Auditor-Trinirma-ISO-90012015-ISO-140012015-ISO-450012018-300x169.png 300w, https:\/\/novaveritas.education\/wp-content\/uploads\/2024\/09\/Auditor-Trinirma-ISO-90012015-ISO-140012015-ISO-450012018-768x432.png 768w\" sizes=\"auto, (max-width: 1024px) 100vw, 1024px\" \/><\/figure>\n\n\n\n<h2 class=\"wp-block-heading\">Curso de formaci\u00f3n por competencias Auditor del Sistema de Gesti\u00f3n Integrado<\/h2>\n\n\n\n<p>En un entorno empresarial cada vez m\u00e1s competitivo y globalizado, la implementaci\u00f3n de sistemas de gesti\u00f3n integrados (SGI) se ha convertido en una estrategia esencial para las organizaciones que buscan mejorar su eficiencia, reducir riesgos y cumplir con las normativas internacionales. El SGI combina normas como ISO 9001 (gesti\u00f3n de la calidad), ISO 14001 (gesti\u00f3n ambiental) e ISO 45001 (seguridad y salud ocupacional), lo que permite una gesti\u00f3n m\u00e1s coherente y optimizada de los recursos y procesos.<\/p>\n\n\n\n<p>Uno de los factores m\u00e1s determinantes para optar por este curso es la alta demanda de auditores con competencias integrales en normas internacionales. Las organizaciones que implementan SGI requieren profesionales capacitados que puedan realizar auditor\u00edas que abarquen todas estas \u00e1reas, evaluando la conformidad y la eficacia de sus sistemas de gesti\u00f3n. Obtener esta certificaci\u00f3n abre puertas a una gran variedad de oportunidades laborales tanto a nivel local como internacional.<\/p>\n\n\n\n<p>Este curso est\u00e1 dise\u00f1ado bajo la metodolog\u00eda <strong>Inverted Prime<\/strong>, un enfoque innovador desarrollado por Novaveritas Educativa que revoluciona el proceso de ense\u00f1anza-aprendizaje para auditores.<\/p>\n\n\n\n<h2 class=\"wp-block-heading\">Objetivos del curso<\/h2>\n\n\n\n<p>Al t\u00e9rmino de la actividad los participantes ser\u00e1n capaces de reconocer y aplicar las herramientas de auditor\u00eda para auditar de manera exitosa un sistema de gesti\u00f3n integrado, realizar un programa de auditor\u00eda y establecer las competencias del equipo auditor de manera eficaz.<\/p>\n\n\n\n<h2 class=\"wp-block-heading\">Duraci\u00f3n del curso<\/h2>\n\n\n\n<p>120 horas.<\/p>\n\n\n\n<div style=\"text-align: center;\">\n  <a class=\"wp-block-button__link wp-element-button\" href=\"https:\/\/novaveritas.education\/pensum\/pensum-auditor-trinorma-asincronico.pdf\" target=\"_blank\" rel=\"noreferrer noopener\" style=\"background-color: green; color: white; padding: 10px 20px; text-decoration: none; border-radius: 5px;\">Lea el pensum del curso en este enlace<\/a>\n<\/div>\n\n\n\n<p>\u00a1Invierta ahora en su futuro!<\/p>\n\n\n\n<pre class=\"wp-block-code\"><code><script async=\"\" src=\"https:\/\/js.stripe.com\/v3\/buy-button.js\">\n<\/script>\n\n<stripe-buy-button buy-button-id=\"buy_btn_1Q3pZ4IvGUSQtmHnkpcnxj1J\" publishable-key=\"pk_live_51OzQJKIvGUSQtmHn6Dzyn7BqDmddEGZ9df2QO7EpdMgUHPkuhFbUKEp3XJ8D6EKGmKsN3XKr49S1zA1Labt7qCmz00OsJ0eWtn\">\n<\/stripe-buy-button><\/code><\/pre>\n\n\n\n<p>Matric\u00falese ac\u00e1<\/p>\n\n\n\n<p>Una vez realizado el pago, matric\u00falese ac\u00e1 e informele a su agente comercial<\/p>\n\n\n\n<figure class=\"wp-block-image size-full\"><a href=\"https:\/\/form.jotform.com\/242196351535053\" target=\"_blank\" rel=\"noreferrer noopener\"><img loading=\"lazy\" decoding=\"async\" width=\"800\" height=\"40\" src=\"https:\/\/novaveritas.education\/wp-content\/uploads\/2024\/04\/matriculate-aca.png\" alt=\"\" class=\"wp-image-115\" srcset=\"https:\/\/novaveritas.education\/wp-content\/uploads\/2024\/04\/matriculate-aca.png 800w, https:\/\/novaveritas.education\/wp-content\/uploads\/2024\/04\/matriculate-aca-300x15.png 300w, https:\/\/novaveritas.education\/wp-content\/uploads\/2024\/04\/matriculate-aca-768x38.png 768w\" sizes=\"auto, (max-width: 800px) 100vw, 800px\" \/><\/a><\/figure>\n","protected":false},"excerpt":{"rendered":"<p>Curso de formaci\u00f3n por competencias Auditor del Sistema de Gesti\u00f3n Integrado En un entorno empresarial cada vez m\u00e1s competitivo y globalizado, la implementaci\u00f3n de sistemas de gesti\u00f3n integrados (SGI) se ha convertido en una estrategia esencial para las organizaciones que buscan mejorar su eficiencia, reducir riesgos y cumplir con las normativas internacionales. El SGI combina [&hellip;]<\/p>\n","protected":false},"author":1,"featured_media":0,"parent":0,"menu_order":0,"comment_status":"closed","ping_status":"closed","template":"","meta":{"footnotes":""},"class_list":["post-308","page","type-page","status-publish","hentry"],"_links":{"self":[{"href":"https:\/\/novaveritas.education\/index.php\/wp-json\/wp\/v2\/pages\/308","targetHints":{"allow":["GET"]}}],"collection":[{"href":"https:\/\/novaveritas.education\/index.php\/wp-json\/wp\/v2\/pages"}],"about":[{"href":"https:\/\/novaveritas.education\/index.php\/wp-json\/wp\/v2\/types\/page"}],"author":[{"embeddable":true,"href":"https:\/\/novaveritas.education\/index.php\/wp-json\/wp\/v2\/users\/1"}],"replies":[{"embeddable":true,"href":"https:\/\/novaveritas.education\/index.php\/wp-json\/wp\/v2\/comments?post=308"}],"version-history":[{"count":10,"href":"https:\/\/novaveritas.education\/index.php\/wp-json\/wp\/v2\/pages\/308\/revisions"}],"predecessor-version":[{"id":329,"href":"https:\/\/novaveritas.education\/index.php\/wp-json\/wp\/v2\/pages\/308\/revisions\/329"}],"wp:attachment":[{"href":"https:\/\/novaveritas.education\/index.php\/wp-json\/wp\/v2\/media?parent=308"}],"curies":[{"name":"wp","href":"https:\/\/api.w.org\/{rel}","templated":true}]}}