{"id":256,"date":"2024-05-19T02:38:06","date_gmt":"2024-05-19T02:38:06","guid":{"rendered":"https:\/\/novaveritas.education\/?page_id=256"},"modified":"2024-10-05T22:39:24","modified_gmt":"2024-10-05T22:39:24","slug":"repositorio","status":"publish","type":"page","link":"https:\/\/novaveritas.education\/index.php\/repositorio\/","title":{"rendered":"Repositorio"},"content":{"rendered":"\n<figure class=\"wp-block-image size-full\"><img loading=\"lazy\" decoding=\"async\" width=\"1024\" height=\"576\" src=\"https:\/\/novaveritas.education\/wp-content\/uploads\/2024\/05\/Diseno-sin-titulo-45.png\" alt=\"Magiste Marcelo C. Olivier dicta c\u00e1tedra en la Universidad de Asunci\u00f3n\" class=\"wp-image-269\" srcset=\"https:\/\/novaveritas.education\/wp-content\/uploads\/2024\/05\/Diseno-sin-titulo-45.png 1024w, https:\/\/novaveritas.education\/wp-content\/uploads\/2024\/05\/Diseno-sin-titulo-45-300x169.png 300w, https:\/\/novaveritas.education\/wp-content\/uploads\/2024\/05\/Diseno-sin-titulo-45-768x432.png 768w\" sizes=\"auto, (max-width: 1024px) 100vw, 1024px\" \/><\/figure>\n\n\n\n<p>En NovaVeritas Academy, comprendemos la importancia del acceso ilimitado al conocimiento y la informaci\u00f3n para fomentar un ambiente de aprendizaje enriquecedor y vanguardista. Es por eso que nos enorgullece presentar nuestro Repositorio Acad\u00e9mico, una plataforma digital dise\u00f1ada para almacenar, preservar y facilitar el acceso a una amplia gama de recursos educativos y de investigaci\u00f3n.<\/p>\n\n\n\n<div class=\"wp-block-columns is-layout-flex wp-container-core-columns-is-layout-9d6595d7 wp-block-columns-is-layout-flex\">\n<div class=\"wp-block-column is-layout-flow wp-block-column-is-layout-flow\">\n<figure class=\"wp-block-table\"><table><tbody><tr><td><a href=\"https:\/\/novaveritas.education\/biblioteca\/300\/ENINV001.pdf\" target=\"_blank\" rel=\"noreferrer noopener\">DOC ENINV 001 | M\u00e9tricas ambientales<\/a><\/td><\/tr><tr><td><a href=\"https:\/\/novaveritas.education\/biblioteca\/300\/ENINV002.pdf\" target=\"_blank\" rel=\"noreferrer noopener\">DOC ENINV 002 | T\u00e9cnicas para identificar Aspectos ambientales<\/a><\/td><\/tr><tr><td><a href=\"https:\/\/novaveritas.education\/biblioteca\/300\/ENINV001.pdf\" target=\"_blank\" rel=\"noreferrer noopener\">DOC ENINV 003 | Ciclo de vida<\/a><\/td><\/tr><tr><td><a href=\"https:\/\/novaveritas.education\/biblioteca\/300\/ENINV004.pdf\" target=\"_blank\" rel=\"noreferrer noopener\">DOC ENINV 004 | Partes interesadas<\/a><\/td><\/tr><tr><td><a href=\"https:\/\/novaveritas.education\/biblioteca\/600\/ENINV005.pdf\" target=\"_blank\" rel=\"noreferrer noopener\">DOC ENINV 005 | Proceso Administrativo de Fayol y los 7 principios de la calidad<\/a><\/td><\/tr><tr><td><a href=\"https:\/\/novaveritas.education\/biblioteca\/600\/ENINV006.pdf\" target=\"_blank\" rel=\"noreferrer noopener\">DOC ENINV 006 | Dise\u00f1o de procesos<\/a><\/td><\/tr><tr><td><a href=\"https:\/\/novaveritas.education\/biblioteca\/300\/ENINV007.pdf\" target=\"_blank\" rel=\"noreferrer noopener\">DOC ENINV 007 | Cambio clim\u00e1tico<\/a><\/td><\/tr><\/tbody><\/table><\/figure>\n<\/div>\n<\/div>\n","protected":false},"excerpt":{"rendered":"<p>En NovaVeritas Academy, comprendemos la importancia del acceso ilimitado al conocimiento y la informaci\u00f3n para fomentar un ambiente de aprendizaje enriquecedor y vanguardista. Es por eso que nos enorgullece presentar nuestro Repositorio Acad\u00e9mico, una plataforma digital dise\u00f1ada para almacenar, preservar y facilitar el acceso a una amplia gama de recursos educativos y de investigaci\u00f3n. DOC [&hellip;]<\/p>\n","protected":false},"author":1,"featured_media":0,"parent":0,"menu_order":0,"comment_status":"closed","ping_status":"closed","template":"","meta":{"footnotes":""},"class_list":["post-256","page","type-page","status-publish","hentry"],"_links":{"self":[{"href":"https:\/\/novaveritas.education\/index.php\/wp-json\/wp\/v2\/pages\/256","targetHints":{"allow":["GET"]}}],"collection":[{"href":"https:\/\/novaveritas.education\/index.php\/wp-json\/wp\/v2\/pages"}],"about":[{"href":"https:\/\/novaveritas.education\/index.php\/wp-json\/wp\/v2\/types\/page"}],"author":[{"embeddable":true,"href":"https:\/\/novaveritas.education\/index.php\/wp-json\/wp\/v2\/users\/1"}],"replies":[{"embeddable":true,"href":"https:\/\/novaveritas.education\/index.php\/wp-json\/wp\/v2\/comments?post=256"}],"version-history":[{"count":11,"href":"https:\/\/novaveritas.education\/index.php\/wp-json\/wp\/v2\/pages\/256\/revisions"}],"predecessor-version":[{"id":366,"href":"https:\/\/novaveritas.education\/index.php\/wp-json\/wp\/v2\/pages\/256\/revisions\/366"}],"wp:attachment":[{"href":"https:\/\/novaveritas.education\/index.php\/wp-json\/wp\/v2\/media?parent=256"}],"curies":[{"name":"wp","href":"https:\/\/api.w.org\/{rel}","templated":true}]}}