{"id":195,"date":"2024-04-23T11:50:25","date_gmt":"2024-04-23T11:50:25","guid":{"rendered":"https:\/\/novaveritas.education\/?page_id=195"},"modified":"2024-09-18T17:54:30","modified_gmt":"2024-09-18T17:54:30","slug":"dc_gestion-riesgo_iso_31000","status":"publish","type":"page","link":"https:\/\/novaveritas.education\/index.php\/dc_gestion-riesgo_iso_31000\/","title":{"rendered":"DC_GESTION-RIESGO_ISO_31000"},"content":{"rendered":"\n<h2 class=\"wp-block-heading\">Curso de formaci\u00f3n por competencias para la gesti\u00f3n del riesgo ISO 31000<\/h2>\n\n\n\n<p>La gesti\u00f3n de riesgos es un componente esencial de una gobernanza corporativa s\u00f3lida, proporcionando un marco a trav\u00e9s del cual las organizaciones pueden identificar, evaluar y manejar los riesgos de manera sistem\u00e1tica y efectiva. La norma ISO 31000:2018 ofrece principios y directrices sobre gesti\u00f3n de riesgos, mientras que la ISO 31010 se centra en los procesos para la evaluaci\u00f3n de riesgos. Juntas, estas normas apoyan la toma de decisiones, mejoran la eficiencia operativa y aumentan la probabilidad de alcanzar los objetivos de la organizaci\u00f3n.<\/p>\n\n\n\n<p>Este curso est\u00e1 dise\u00f1ado para capacitar a profesionales que deseen convertirse en gestores competentes de gesti\u00f3n de riesgos seg\u00fan ISO 31000 e ISO 31010. A trav\u00e9s de nuestro programa, los participantes aprender\u00e1n a:<\/p>\n\n\n\n<p>Comprender y aplicar los principios de la gesti\u00f3n de riesgos seg\u00fan la ISO 31000:2018 mediante metodolog\u00edas basadas en las ISO 31010.<\/p>\n\n\n\n<h2 class=\"wp-block-heading\">Objetivos<\/h2>\n\n\n\n<p>Al t\u00e9rmino del curso el alumno ser\u00e1 capaz de comprender y aplicar las directrices para la gesti\u00f3n del riesgo de la norma internacional ISO 31000 y comprender y aplicar las metodolog\u00edas para la gesti\u00f3n del riesgo que nos entrega la norma ISO 31010.<\/p>\n\n\n\n<h2 class=\"wp-block-heading\">Duraci\u00f3n del curso<\/h2>\n\n\n\n<p><strong>60 horas, repartidas de la siguiente manera:<\/strong><\/p>\n\n\n\n<ol style=\"list-style-type:lower-alpha\" class=\"wp-block-list\">\n<li>20 horas te\u00f3ricas<\/li>\n\n\n\n<li>40 horas pr\u00e1cticas aplicando los conocimientos adquiridos a situaciones reales y talleres pr\u00e1cticos.<\/li>\n<\/ol>\n\n\n\n<div class=\"wp-block-buttons is-content-justification-center is-layout-flex wp-container-core-buttons-is-layout-16018d1d wp-block-buttons-is-layout-flex\">\n<div class=\"wp-block-button\"><a class=\"wp-block-button__link wp-element-button\" href=\"https:\/\/novaveritas.education\/pensum\/310-Presentacion-Gestion-Riesgo_31000.pdf\" target=\"_blank\" rel=\"noreferrer noopener\">Lea el pensum del curso en este enlace<\/a><\/div>\n<\/div>\n\n\n\n<h2 class=\"wp-block-heading\"><strong>\u00a1Invierta ahora en su futuro!<\/strong><\/h2>\n\n\n\n<script async\n  src=\"https:\/\/js.stripe.com\/v3\/buy-button.js\">\n<\/script>\n\n<stripe-buy-button\n  buy-button-id=\"buy_btn_1Q0S1pIvGUSQtmHnov5rJDpS\"\n  publishable-key=\"pk_live_51OzQJKIvGUSQtmHn6Dzyn7BqDmddEGZ9df2QO7EpdMgUHPkuhFbUKEp3XJ8D6EKGmKsN3XKr49S1zA1Labt7qCmz00OsJ0eWtn\"\n>\n<\/stripe-buy-button>\n\n\n\n<p>Matric\u00falese ac\u00e1<\/p>\n\n\n\n<figure class=\"wp-block-image size-full\"><a href=\"https:\/\/form.jotform.com\/242196351535053\" target=\"_blank\" rel=\"noreferrer noopener\"><img loading=\"lazy\" decoding=\"async\" width=\"800\" height=\"40\" src=\"https:\/\/novaveritas.education\/wp-content\/uploads\/2024\/04\/matriculate-aca.png\" alt=\"\" class=\"wp-image-115\" srcset=\"https:\/\/novaveritas.education\/wp-content\/uploads\/2024\/04\/matriculate-aca.png 800w, https:\/\/novaveritas.education\/wp-content\/uploads\/2024\/04\/matriculate-aca-300x15.png 300w, https:\/\/novaveritas.education\/wp-content\/uploads\/2024\/04\/matriculate-aca-768x38.png 768w\" sizes=\"auto, (max-width: 800px) 100vw, 800px\" \/><\/a><\/figure>\n","protected":false},"excerpt":{"rendered":"<p>Curso de formaci\u00f3n por competencias para la gesti\u00f3n del riesgo ISO 31000 La gesti\u00f3n de riesgos es un componente esencial de una gobernanza corporativa s\u00f3lida, proporcionando un marco a trav\u00e9s del cual las organizaciones pueden identificar, evaluar y manejar los riesgos de manera sistem\u00e1tica y efectiva. La norma ISO 31000:2018 ofrece principios y directrices sobre [&hellip;]<\/p>\n","protected":false},"author":1,"featured_media":0,"parent":0,"menu_order":0,"comment_status":"closed","ping_status":"closed","template":"","meta":{"footnotes":""},"class_list":["post-195","page","type-page","status-publish","hentry"],"_links":{"self":[{"href":"https:\/\/novaveritas.education\/index.php\/wp-json\/wp\/v2\/pages\/195","targetHints":{"allow":["GET"]}}],"collection":[{"href":"https:\/\/novaveritas.education\/index.php\/wp-json\/wp\/v2\/pages"}],"about":[{"href":"https:\/\/novaveritas.education\/index.php\/wp-json\/wp\/v2\/types\/page"}],"author":[{"embeddable":true,"href":"https:\/\/novaveritas.education\/index.php\/wp-json\/wp\/v2\/users\/1"}],"replies":[{"embeddable":true,"href":"https:\/\/novaveritas.education\/index.php\/wp-json\/wp\/v2\/comments?post=195"}],"version-history":[{"count":7,"href":"https:\/\/novaveritas.education\/index.php\/wp-json\/wp\/v2\/pages\/195\/revisions"}],"predecessor-version":[{"id":318,"href":"https:\/\/novaveritas.education\/index.php\/wp-json\/wp\/v2\/pages\/195\/revisions\/318"}],"wp:attachment":[{"href":"https:\/\/novaveritas.education\/index.php\/wp-json\/wp\/v2\/media?parent=195"}],"curies":[{"name":"wp","href":"https:\/\/api.w.org\/{rel}","templated":true}]}}