{"id":186,"date":"2024-04-23T11:46:50","date_gmt":"2024-04-23T11:46:50","guid":{"rendered":"https:\/\/novaveritas.education\/?page_id=186"},"modified":"2024-09-18T17:53:23","modified_gmt":"2024-09-18T17:53:23","slug":"dc_auditor_iso_500012018","status":"publish","type":"page","link":"https:\/\/novaveritas.education\/index.php\/dc_auditor_iso_500012018\/","title":{"rendered":"DC_AUDITOR_ISO_50001:2018"},"content":{"rendered":"\n<figure class=\"wp-block-image size-full\"><img loading=\"lazy\" decoding=\"async\" width=\"1024\" height=\"576\" src=\"https:\/\/novaveritas.education\/wp-content\/uploads\/2024\/04\/1-1.png\" alt=\"\" class=\"wp-image-197\" srcset=\"https:\/\/novaveritas.education\/wp-content\/uploads\/2024\/04\/1-1.png 1024w, https:\/\/novaveritas.education\/wp-content\/uploads\/2024\/04\/1-1-300x169.png 300w, https:\/\/novaveritas.education\/wp-content\/uploads\/2024\/04\/1-1-768x432.png 768w\" sizes=\"auto, (max-width: 1024px) 100vw, 1024px\" \/><\/figure>\n\n\n\n<h2 class=\"wp-block-heading\">Curso de formaci\u00f3n por competencias de Auditor ISO 50001:2018<\/h2>\n\n\n\n<p>Los recursos naturales, base de nuestra energ\u00eda y econom\u00eda,<strong> son siempre escasos<\/strong>. Su uso eficiente se vuelve esencial no solo para el ahorro econ\u00f3mico, sino tambi\u00e9n para proteger nuestro medio ambiente. En este contexto, el papel de las auditor\u00edas energ\u00e9ticas adquiere una relevancia crucial, ya que permiten monitorear y optimizar el consumo energ\u00e9tico en las organizaciones. Este curso de formaci\u00f3n de Auditor de Eficiencia Energ\u00e9tica<strong> ISO 50001:2018<\/strong> est\u00e1 dise\u00f1ado espec\u00edficamente para capacitar a los profesionales en t\u00e9cnicas avanzadas de gesti\u00f3n y auditor\u00eda, con el objetivo de promover la sostenibilidad y mejorar continuamente en sus pr\u00e1cticas diarias.<\/p>\n\n\n\n<p>A trav\u00e9s de este programa, se busca dotar a los participantes de herramientas efectivas para realizar evaluaciones energ\u00e9ticas que contribuyan directamente a la reducci\u00f3n de costos operativos y al impacto ambiental de sus actividades. Al comprender y aplicar los principios de la <strong>norma ISO 50001:2018<\/strong>, los profesionales podr\u00e1n implementar sistemas de gesti\u00f3n de la energ\u00eda que no solo cumplen con los est\u00e1ndares internacionales, sino que tambi\u00e9n fomentan una cultura de responsabilidad y eficiencia energ\u00e9tica dentro de sus organizaciones.<\/p>\n\n\n\n<p>Este enfoque integral prepara a los participantes para liderar el camino hacia un futuro m\u00e1s sostenible, facilitando el progreso en sus carreras y contribuyendo significativamente a los esfuerzos globales de conservaci\u00f3n de energ\u00eda.<\/p>\n\n\n\n<h2 class=\"wp-block-heading\">Objetivos<\/h2>\n\n\n\n<p>Al t\u00e9rmino del curso el participante ser\u00e1 capaz de comprender un programa de auditor\u00eda de un sistema de gesti\u00f3n de la eficiencia energ\u00e9tica atendiendo los requisitos necesarios para seleccionar un equipo de auditores y ejecutar un plan de auditor\u00edas de manera remota o presencial de primera, segunda parte aplicado a la norma internacional ISO 50001:2018.<\/p>\n\n\n\n<div class=\"wp-block-buttons is-content-justification-center is-layout-flex wp-container-core-buttons-is-layout-16018d1d wp-block-buttons-is-layout-flex\">\n<div class=\"wp-block-button\"><a class=\"wp-block-button__link wp-element-button\" href=\"https:\/\/novaveritas.education\/pensum\/250-Presentacion-AuditorISO-50001.pdf\" target=\"_blank\" rel=\"noreferrer noopener\">Lea el pensum del curso en este enlace<\/a><\/div>\n<\/div>\n\n\n\n<h2 class=\"wp-block-heading\"><strong>\u00a1Invierta ahora en su futuro!<\/strong><\/h2>\n\n\n\n<script async\n  src=\"https:\/\/js.stripe.com\/v3\/buy-button.js\">\n<\/script>\n\n<stripe-buy-button\n  buy-button-id=\"buy_btn_1Q0S1pIvGUSQtmHnov5rJDpS\"\n  publishable-key=\"pk_live_51OzQJKIvGUSQtmHn6Dzyn7BqDmddEGZ9df2QO7EpdMgUHPkuhFbUKEp3XJ8D6EKGmKsN3XKr49S1zA1Labt7qCmz00OsJ0eWtn\"\n>\n<\/stripe-buy-button>\n\n\n\n<h2 class=\"wp-block-heading\">Matric\u00falese en curso<\/h2>\n\n\n\n<p><strong>Una vez que haya completado el pago, env\u00edenos el siguiente formulario de matr\u00edcula<\/strong><\/p>\n\n\n<div class=\"wp-block-image\">\n<figure class=\"aligncenter size-full\"><a href=\"https:\/\/form.jotform.com\/242196351535053\" target=\"_blank\" rel=\"noreferrer noopener\"><img loading=\"lazy\" decoding=\"async\" width=\"800\" height=\"40\" src=\"https:\/\/novaveritas.education\/wp-content\/uploads\/2024\/04\/matriculate-aca.png\" alt=\"\" class=\"wp-image-115\" srcset=\"https:\/\/novaveritas.education\/wp-content\/uploads\/2024\/04\/matriculate-aca.png 800w, https:\/\/novaveritas.education\/wp-content\/uploads\/2024\/04\/matriculate-aca-300x15.png 300w, https:\/\/novaveritas.education\/wp-content\/uploads\/2024\/04\/matriculate-aca-768x38.png 768w\" sizes=\"auto, (max-width: 800px) 100vw, 800px\" \/><\/a><\/figure>\n<\/div>","protected":false},"excerpt":{"rendered":"<p>Curso de formaci\u00f3n por competencias de Auditor ISO 50001:2018 Los recursos naturales, base de nuestra energ\u00eda y econom\u00eda, son siempre escasos. Su uso eficiente se vuelve esencial no solo para el ahorro econ\u00f3mico, sino tambi\u00e9n para proteger nuestro medio ambiente. En este contexto, el papel de las auditor\u00edas energ\u00e9ticas adquiere una relevancia crucial, ya que [&hellip;]<\/p>\n","protected":false},"author":1,"featured_media":0,"parent":0,"menu_order":0,"comment_status":"closed","ping_status":"closed","template":"","meta":{"footnotes":""},"class_list":["post-186","page","type-page","status-publish","hentry"],"_links":{"self":[{"href":"https:\/\/novaveritas.education\/index.php\/wp-json\/wp\/v2\/pages\/186","targetHints":{"allow":["GET"]}}],"collection":[{"href":"https:\/\/novaveritas.education\/index.php\/wp-json\/wp\/v2\/pages"}],"about":[{"href":"https:\/\/novaveritas.education\/index.php\/wp-json\/wp\/v2\/types\/page"}],"author":[{"embeddable":true,"href":"https:\/\/novaveritas.education\/index.php\/wp-json\/wp\/v2\/users\/1"}],"replies":[{"embeddable":true,"href":"https:\/\/novaveritas.education\/index.php\/wp-json\/wp\/v2\/comments?post=186"}],"version-history":[{"count":7,"href":"https:\/\/novaveritas.education\/index.php\/wp-json\/wp\/v2\/pages\/186\/revisions"}],"predecessor-version":[{"id":299,"href":"https:\/\/novaveritas.education\/index.php\/wp-json\/wp\/v2\/pages\/186\/revisions\/299"}],"wp:attachment":[{"href":"https:\/\/novaveritas.education\/index.php\/wp-json\/wp\/v2\/media?parent=186"}],"curies":[{"name":"wp","href":"https:\/\/api.w.org\/{rel}","templated":true}]}}