{"id":172,"date":"2024-04-22T23:53:20","date_gmt":"2024-04-22T23:53:20","guid":{"rendered":"https:\/\/novaveritas.education\/?page_id=172"},"modified":"2024-09-18T17:52:48","modified_gmt":"2024-09-18T17:52:48","slug":"dc_auditor_iso_270012022","status":"publish","type":"page","link":"https:\/\/novaveritas.education\/index.php\/dc_auditor_iso_270012022\/","title":{"rendered":"DC_AUDITOR_ISO_27001:2022"},"content":{"rendered":"\n<figure class=\"wp-block-image size-full\"><img loading=\"lazy\" decoding=\"async\" width=\"1024\" height=\"576\" src=\"https:\/\/novaveritas.education\/wp-content\/uploads\/2024\/04\/AUDITOR-1.png\" alt=\"\" class=\"wp-image-173\" srcset=\"https:\/\/novaveritas.education\/wp-content\/uploads\/2024\/04\/AUDITOR-1.png 1024w, https:\/\/novaveritas.education\/wp-content\/uploads\/2024\/04\/AUDITOR-1-300x169.png 300w, https:\/\/novaveritas.education\/wp-content\/uploads\/2024\/04\/AUDITOR-1-768x432.png 768w\" sizes=\"auto, (max-width: 1024px) 100vw, 1024px\" \/><\/figure>\n\n\n\n<h2 class=\"wp-block-heading\">Curso de formaci\u00f3n por competencias Auditor ISO\/IEC 27001:2022<\/h2>\n\n\n\n<p><strong>Tecnolog\u00eda de la informaci\u00f3n.<\/strong> Sistemas de Gesti\u00f3n de la Seguridad de la Informaci\u00f3n. Requisitos. (ISO\/IEC 27001:2022) es un est\u00e1ndar que permite gestionar uno de los activos m\u00e1s complejos en una organizaci\u00f3n: la informaci\u00f3n, tanto respecto de la seguridad as\u00ed como su disponibilidad.<br>La norma internacional ISO 27001:2022 permite asegurar la confidencialidad e integridad de los datos y de la informaci\u00f3n as\u00ed como los sistemas que procesan dichos elementos, en este sentido nuestro curso para la formaci\u00f3n por competencias de auditores <strong>ISO\/IEC 27001:2022<\/strong> permite que los participantes adquieran competencias relacionadas con la comprensi\u00f3n de los requisitos normativos, adem\u00e1s de la comprensi\u00f3n y aplicaci\u00f3n eficaz de controles de seguridad de la informaci\u00f3n en los cuatro dominios de la ISO\/IEC 27002:2022: <strong>Controles Organizacionales<\/strong> (Clausula 5), <strong>Controles relativos al Personal<\/strong> (Clausula 6), <strong>Controles f\u00edsicos<\/strong> (Clausula 7) y <strong>Controles tecnol\u00f3gicos<\/strong> (Clausula 8).<\/p>\n\n\n\n<h2 class=\"wp-block-heading\">Objetivos<\/h2>\n\n\n\n<p>Al t\u00e9rmino del curso el participante ser\u00e1 capaz de comprender los requisitos de la norma ISO\/IEC 27001:2022, aplicando los requisitos del Anexo A (Normativa) a un proceso de auditor\u00eda en una organizaci\u00f3n.<\/p>\n\n\n\n<div class=\"wp-block-buttons is-content-justification-center is-layout-flex wp-container-core-buttons-is-layout-16018d1d wp-block-buttons-is-layout-flex\">\n<div class=\"wp-block-button\"><a class=\"wp-block-button__link wp-element-button\" href=\"https:\/\/novaveritas.education\/pensum\/227-Presentacion-AuditorISO-27001.pdf\" target=\"_blank\" rel=\"noreferrer noopener\">Lea el pensum en este enlace<\/a><\/div>\n<\/div>\n\n\n\n<h2 class=\"wp-block-heading\"><strong>\u00a1Invierta ahora en su futuro!<\/strong><\/h2>\n\n\n\n<script async\n  src=\"https:\/\/js.stripe.com\/v3\/buy-button.js\">\n<\/script>\n\n<stripe-buy-button\n  buy-button-id=\"buy_btn_1Q0S1pIvGUSQtmHnov5rJDpS\"\n  publishable-key=\"pk_live_51OzQJKIvGUSQtmHn6Dzyn7BqDmddEGZ9df2QO7EpdMgUHPkuhFbUKEp3XJ8D6EKGmKsN3XKr49S1zA1Labt7qCmz00OsJ0eWtn\"\n>\n<\/stripe-buy-button>\n\n\n\n<h2 class=\"wp-block-heading\">Matric\u00falese en curso<\/h2>\n\n\n\n<p><strong>Una vez que haya completado el pago, env\u00edenos el siguiente formulario de matr\u00edcula<\/strong><\/p>\n\n\n<div class=\"wp-block-image\">\n<figure class=\"aligncenter size-full\"><a href=\"https:\/\/form.jotform.com\/242196351535053\" target=\"_blank\" rel=\"noreferrer noopener\"><img loading=\"lazy\" decoding=\"async\" width=\"800\" height=\"40\" src=\"https:\/\/novaveritas.education\/wp-content\/uploads\/2024\/04\/matriculate-aca.png\" alt=\"\" class=\"wp-image-115\" srcset=\"https:\/\/novaveritas.education\/wp-content\/uploads\/2024\/04\/matriculate-aca.png 800w, https:\/\/novaveritas.education\/wp-content\/uploads\/2024\/04\/matriculate-aca-300x15.png 300w, https:\/\/novaveritas.education\/wp-content\/uploads\/2024\/04\/matriculate-aca-768x38.png 768w\" sizes=\"auto, (max-width: 800px) 100vw, 800px\" \/><\/a><\/figure>\n<\/div>","protected":false},"excerpt":{"rendered":"<p>Curso de formaci\u00f3n por competencias Auditor ISO\/IEC 27001:2022 Tecnolog\u00eda de la informaci\u00f3n. Sistemas de Gesti\u00f3n de la Seguridad de la Informaci\u00f3n. Requisitos. (ISO\/IEC 27001:2022) es un est\u00e1ndar que permite gestionar uno de los activos m\u00e1s complejos en una organizaci\u00f3n: la informaci\u00f3n, tanto respecto de la seguridad as\u00ed como su disponibilidad.La norma internacional ISO 27001:2022 permite [&hellip;]<\/p>\n","protected":false},"author":1,"featured_media":0,"parent":0,"menu_order":0,"comment_status":"closed","ping_status":"closed","template":"","meta":{"footnotes":""},"class_list":["post-172","page","type-page","status-publish","hentry"],"_links":{"self":[{"href":"https:\/\/novaveritas.education\/index.php\/wp-json\/wp\/v2\/pages\/172","targetHints":{"allow":["GET"]}}],"collection":[{"href":"https:\/\/novaveritas.education\/index.php\/wp-json\/wp\/v2\/pages"}],"about":[{"href":"https:\/\/novaveritas.education\/index.php\/wp-json\/wp\/v2\/types\/page"}],"author":[{"embeddable":true,"href":"https:\/\/novaveritas.education\/index.php\/wp-json\/wp\/v2\/users\/1"}],"replies":[{"embeddable":true,"href":"https:\/\/novaveritas.education\/index.php\/wp-json\/wp\/v2\/comments?post=172"}],"version-history":[{"count":7,"href":"https:\/\/novaveritas.education\/index.php\/wp-json\/wp\/v2\/pages\/172\/revisions"}],"predecessor-version":[{"id":298,"href":"https:\/\/novaveritas.education\/index.php\/wp-json\/wp\/v2\/pages\/172\/revisions\/298"}],"wp:attachment":[{"href":"https:\/\/novaveritas.education\/index.php\/wp-json\/wp\/v2\/media?parent=172"}],"curies":[{"name":"wp","href":"https:\/\/api.w.org\/{rel}","templated":true}]}}