{"id":159,"date":"2024-04-22T23:12:34","date_gmt":"2024-04-22T23:12:34","guid":{"rendered":"https:\/\/novaveritas.education\/?page_id=159"},"modified":"2024-09-18T17:51:17","modified_gmt":"2024-09-18T17:51:17","slug":"dc_auditor_iso_220002018","status":"publish","type":"page","link":"https:\/\/novaveritas.education\/index.php\/dc_auditor_iso_220002018\/","title":{"rendered":"DC_AUDITOR_ISO_22000:2018"},"content":{"rendered":"\n<figure class=\"wp-block-image size-full\"><img loading=\"lazy\" decoding=\"async\" width=\"1024\" height=\"576\" src=\"https:\/\/novaveritas.education\/wp-content\/uploads\/2024\/04\/Titulo-2.png\" alt=\"\" class=\"wp-image-168\" srcset=\"https:\/\/novaveritas.education\/wp-content\/uploads\/2024\/04\/Titulo-2.png 1024w, https:\/\/novaveritas.education\/wp-content\/uploads\/2024\/04\/Titulo-2-300x169.png 300w, https:\/\/novaveritas.education\/wp-content\/uploads\/2024\/04\/Titulo-2-768x432.png 768w\" sizes=\"auto, (max-width: 1024px) 100vw, 1024px\" \/><\/figure>\n\n\n\n<h2 class=\"wp-block-heading\">Curso de formaci\u00f3n por competencias Auditor ISO 22000:2018<\/h2>\n\n\n\n<p>Implementar un sistema de gesti\u00f3n de la inocuidad de los alimentos (SGIA) es una decisi\u00f3n estrat\u00e9gica para cualquier organizaci\u00f3n que forma parte de la cadena log\u00edstica alimentaria, de esta manera la Organizaci\u00f3n que implementa podr\u00e1 mejorar su desempe\u00f1o en materia de inocuidad alimentaria. Entre muchos de los beneficios que obtiene una organizaci\u00f3n que implementa un SGIA se encuentra la capacidad de distribuir a sus clientes alimentos y productos inocuos de manera de satisfacer los requisitos legales, reglamentarios y de los clientes de manera pertinentes. As\u00ed mismo, podr\u00e1 abordar los riesgos relacionados a sus objetivos y poseer\u00e1 la capacidad de demostrar su idoneidad para lograr los requisitos especificados en esta materia.<\/p>\n\n\n\n<p>Un sistema de gesti\u00f3n de la inocuidad de los alimentos (SGIA) basado en la metodolog\u00eda de la mejora continua requiere demostrar su eficacia mediante la implementaci\u00f3n de BPH, puntos cr\u00edticos de control HACCP y la realizaci\u00f3n de auditor\u00eda internas a intervalos planificados.<\/p>\n\n\n\n<p>Nuestro curso de formaci\u00f3n de Auditores en la norma ISO 22000:2018 entrega las herramientas necesarias para que el participante adquiera las competencias profesionales para la comprensi\u00f3n de los requisitos de la norma y las t\u00e9cnicas de auditor\u00eda tomando como base la norma internacional ISO 19011:2018.<\/p>\n\n\n\n<h2 class=\"wp-block-heading\">Objetivos<\/h2>\n\n\n\n<p>Al t\u00e9rmino del curso el participante ser\u00e1 capaz de comprender y aplicar los requisitos de la norma ISO 22001:2018 desde el punto de vista auditor; implementar un programa de auditor\u00edas; realizar un proceso de auditor\u00eda a un sistema de administraci\u00f3n de la inocuidad\/seguridad de los alimentos.<\/p>\n\n\n\n<div class=\"wp-block-buttons is-content-justification-center is-layout-flex wp-container-core-buttons-is-layout-16018d1d wp-block-buttons-is-layout-flex\">\n<div class=\"wp-block-button\"><a class=\"wp-block-button__link wp-element-button\" href=\"https:\/\/novaveritas.education\/pensum\/222-Presentacion-AuditorISO-22000.pdf\" target=\"_blank\" rel=\"noreferrer noopener\">Lea el pensum en este enlace<\/a><\/div>\n<\/div>\n\n\n\n<h2 class=\"wp-block-heading\"><strong>\u00a1Invierta ahora en su futuro!<\/strong><\/h2>\n\n\n\n<script async\n  src=\"https:\/\/js.stripe.com\/v3\/buy-button.js\">\n<\/script>\n\n<stripe-buy-button\n  buy-button-id=\"buy_btn_1Q0S1pIvGUSQtmHnov5rJDpS\"\n  publishable-key=\"pk_live_51OzQJKIvGUSQtmHn6Dzyn7BqDmddEGZ9df2QO7EpdMgUHPkuhFbUKEp3XJ8D6EKGmKsN3XKr49S1zA1Labt7qCmz00OsJ0eWtn\"\n>\n<\/stripe-buy-button>\n\n\n\n<h2 class=\"wp-block-heading\">Matric\u00falese en curso<\/h2>\n\n\n\n<p><strong>Una vez que haya completado el pago, env\u00edenos el siguiente formulario de matr\u00edcula<\/strong><\/p>\n\n\n<div class=\"wp-block-image\">\n<figure class=\"aligncenter size-full\"><a href=\"https:\/\/form.jotform.com\/242196351535053\" target=\"_blank\" rel=\"noreferrer noopener\"><img loading=\"lazy\" decoding=\"async\" width=\"800\" height=\"40\" src=\"https:\/\/novaveritas.education\/wp-content\/uploads\/2024\/04\/matriculate-aca.png\" alt=\"\" class=\"wp-image-115\" srcset=\"https:\/\/novaveritas.education\/wp-content\/uploads\/2024\/04\/matriculate-aca.png 800w, https:\/\/novaveritas.education\/wp-content\/uploads\/2024\/04\/matriculate-aca-300x15.png 300w, https:\/\/novaveritas.education\/wp-content\/uploads\/2024\/04\/matriculate-aca-768x38.png 768w\" sizes=\"auto, (max-width: 800px) 100vw, 800px\" \/><\/a><\/figure>\n<\/div>","protected":false},"excerpt":{"rendered":"<p>Curso de formaci\u00f3n por competencias Auditor ISO 22000:2018 Implementar un sistema de gesti\u00f3n de la inocuidad de los alimentos (SGIA) es una decisi\u00f3n estrat\u00e9gica para cualquier organizaci\u00f3n que forma parte de la cadena log\u00edstica alimentaria, de esta manera la Organizaci\u00f3n que implementa podr\u00e1 mejorar su desempe\u00f1o en materia de inocuidad alimentaria. Entre muchos de los [&hellip;]<\/p>\n","protected":false},"author":1,"featured_media":0,"parent":0,"menu_order":0,"comment_status":"closed","ping_status":"closed","template":"","meta":{"footnotes":""},"class_list":["post-159","page","type-page","status-publish","hentry"],"_links":{"self":[{"href":"https:\/\/novaveritas.education\/index.php\/wp-json\/wp\/v2\/pages\/159","targetHints":{"allow":["GET"]}}],"collection":[{"href":"https:\/\/novaveritas.education\/index.php\/wp-json\/wp\/v2\/pages"}],"about":[{"href":"https:\/\/novaveritas.education\/index.php\/wp-json\/wp\/v2\/types\/page"}],"author":[{"embeddable":true,"href":"https:\/\/novaveritas.education\/index.php\/wp-json\/wp\/v2\/users\/1"}],"replies":[{"embeddable":true,"href":"https:\/\/novaveritas.education\/index.php\/wp-json\/wp\/v2\/comments?post=159"}],"version-history":[{"count":9,"href":"https:\/\/novaveritas.education\/index.php\/wp-json\/wp\/v2\/pages\/159\/revisions"}],"predecessor-version":[{"id":297,"href":"https:\/\/novaveritas.education\/index.php\/wp-json\/wp\/v2\/pages\/159\/revisions\/297"}],"wp:attachment":[{"href":"https:\/\/novaveritas.education\/index.php\/wp-json\/wp\/v2\/media?parent=159"}],"curies":[{"name":"wp","href":"https:\/\/api.w.org\/{rel}","templated":true}]}}