{"id":14,"date":"2024-04-22T10:58:47","date_gmt":"2024-04-22T10:58:47","guid":{"rendered":"https:\/\/novaveritas.education\/?page_id=14"},"modified":"2026-03-17T11:49:56","modified_gmt":"2026-03-17T11:49:56","slug":"cursos","status":"publish","type":"page","link":"https:\/\/novaveritas.education\/index.php\/cursos\/","title":{"rendered":"Cursos"},"content":{"rendered":"\n<figure class=\"wp-block-image size-full\"><img loading=\"lazy\" decoding=\"async\" width=\"1024\" height=\"576\" src=\"https:\/\/novaveritas.education\/wp-content\/uploads\/2024\/04\/profesor-Marcelo-Carrillo-Olivier-1.png\" alt=\"\" class=\"wp-image-100\" srcset=\"https:\/\/novaveritas.education\/wp-content\/uploads\/2024\/04\/profesor-Marcelo-Carrillo-Olivier-1.png 1024w, https:\/\/novaveritas.education\/wp-content\/uploads\/2024\/04\/profesor-Marcelo-Carrillo-Olivier-1-300x169.png 300w, https:\/\/novaveritas.education\/wp-content\/uploads\/2024\/04\/profesor-Marcelo-Carrillo-Olivier-1-768x432.png 768w\" sizes=\"auto, (max-width: 1024px) 100vw, 1024px\" \/><\/figure>\n\n\n\n<p>Novaveritas Academy ofrece gran variedad de cursos de formaci\u00f3n continua, principalmente en el \u00e1mbito de la gesti\u00f3n de negocios, gesti\u00f3n por procesos, gesti\u00f3n del riesgo, gesti\u00f3n ambiental, gesti\u00f3n de la salud y seguridad ocupacional, formaci\u00f3n de auditores de sistemas de gesti\u00f3n, normas internacionales de informaci\u00f3n financiera, finanzas, prevenci\u00f3n del lavado de activos, entre otros.<\/p>\n\n\n\n<h2 class=\"wp-block-heading\">\u00bfC\u00f3mo adquirir un programa de capacitaci\u00f3n?<\/h2>\n\n\n\n<p>El proceso es bastante simple:<\/p>\n\n\n\n<p>a) Se elige el curso en el cual va a matricularse<\/p>\n\n\n\n<p>b) Hace click en el enlace de pago, este lo llevar\u00e1 a la plataforma Stripe en la cual podr\u00e1 pagar su matr\u00edcula en un entorno seguro<\/p>\n\n\n\n<p>c) Conserva el comprobante de pago de manera digital, complete el formulario de matricula y suba el comprobante, en formato PDF al formulario de inscripci\u00f3n. <a href=\"https:\/\/form.jotform.com\/242196351535053\" target=\"_blank\" rel=\"noreferrer noopener\"><strong>Recuerde matricularse ac\u00e1 en este enlace<\/strong>.<\/a><\/p>\n\n\n\n<p>d) Espere y recibir\u00e1 un email con instrucciones para acceder a la plataforma. <\/p>\n\n\n\n<h2 class=\"wp-block-heading\">N\u00f3mina de cursos disponibles<\/h2>\n\n\n\n<p><em>Todos los cursos de formaci\u00f3n de auditores, requieren que el participante <strong>complete el curso de introducci\u00f3n a la norma ISO pertinente<\/strong>. Al contratar el curso de auditor, Usted ser\u00e1 matriculado, asicionalmente, en el curso de introducci\u00f3n a la norma.<\/em><\/p>\n\n\n\n<p><\/p>\n\n\n\n<figure class=\"wp-block-table is-style-stripes\"><table><tbody><tr><td>Nombre del curso<\/td><td>Inversi\u00f3n<\/td><\/tr><tr><td><img loading=\"lazy\" decoding=\"async\" width=\"25\" height=\"25\" class=\"wp-image-144\" style=\"width: 25px;\" src=\"https:\/\/novaveritas.education\/wp-content\/uploads\/2024\/04\/nv-25-25.gif\" alt=\"\"> <a href=\"https:\/\/novaveritas.education\/index.php\/dc-auditor_iso_90012015\/\">Formaci\u00f3n Auditor ISO 9001:2018<\/a><\/td><td><a href=\"https:\/\/novaveritas.education\/index.php\/dc-auditor_iso_90012015\/\">US$ 149.00<\/a><\/td><\/tr><tr><td> <img loading=\"lazy\" decoding=\"async\" width=\"25\" height=\"25\" class=\"wp-image-144\" style=\"width: 25px;\" src=\"https:\/\/novaveritas.education\/wp-content\/uploads\/2024\/04\/nv-25-25.gif\" alt=\"\"> <a href=\"https:\/\/novaveritas.education\/index.php\/dc-auditor_iso_140012015\/\">Formaci\u00f3n Auditor ISO 14001:2015<\/a><\/td><td><a href=\"https:\/\/novaveritas.education\/index.php\/dc-auditor_iso_140012015\/\">US$ 149.00<\/a><\/td><\/tr><tr><td><img loading=\"lazy\" decoding=\"async\" width=\"25\" height=\"25\" class=\"wp-image-144\" style=\"width: 25px;\" src=\"https:\/\/novaveritas.education\/wp-content\/uploads\/2024\/04\/nv-25-25.gif\" alt=\"\"> <a href=\"https:\/\/novaveritas.education\/index.php\/dc-auditor_iso_450012018\/\">Formaci\u00f3n Auditor ISO 45001:2018<\/a><\/td><td><a href=\"https:\/\/novaveritas.education\/index.php\/dc-auditor_iso_450012018\/\">US$ 149.00<\/a><\/td><\/tr><tr><td><img loading=\"lazy\" decoding=\"async\" width=\"25\" height=\"25\" class=\"wp-image-144\" style=\"width: 25px;\" src=\"https:\/\/novaveritas.education\/wp-content\/uploads\/2024\/04\/nv-25-25.gif\" alt=\"\"> <a href=\"https:\/\/novaveritas.education\/index.php\/dc_auditor_iso_220002018\/\">Formacion Auditor ISO 22000:2018<\/a><\/td><td><a href=\"https:\/\/novaveritas.education\/index.php\/dc_auditor_iso_220002018\/\">US$ 149.00<\/a><\/td><\/tr><tr><td><img loading=\"lazy\" decoding=\"async\" width=\"25\" height=\"25\" class=\"wp-image-144\" style=\"width: 25px;\" src=\"https:\/\/novaveritas.education\/wp-content\/uploads\/2024\/04\/nv-25-25.gif\" alt=\"\"> <a href=\"https:\/\/novaveritas.education\/index.php\/dc_auditor_iso_270012022\/\">Formaci\u00f3n Auditor ISO 27001:2022<\/a><\/td><td><a href=\"https:\/\/novaveritas.education\/index.php\/dc_auditor_iso_270012022\/\">US$ 149.00<\/a><\/td><\/tr><tr><td><img loading=\"lazy\" decoding=\"async\" width=\"25\" height=\"25\" class=\"wp-image-144\" style=\"width: 25px;\" src=\"https:\/\/novaveritas.education\/wp-content\/uploads\/2024\/04\/nv-25-25.gif\" alt=\"\"> <a href=\"https:\/\/novaveritas.education\/index.php\/dc_auditor_iso_500012018\/\">Formaci\u00f3n Auditor ISO 50001:2018<\/a><\/td><td><a href=\"https:\/\/novaveritas.education\/index.php\/dc_auditor_iso_500012018\/\">US$ 149.00<\/a><\/td><\/tr><tr><td><img loading=\"lazy\" decoding=\"async\" width=\"25\" height=\"25\" class=\"wp-image-144\" style=\"width: 25px;\" src=\"https:\/\/novaveritas.education\/wp-content\/uploads\/2024\/04\/nv-25-25.gif\" alt=\"\"> <a href=\"https:\/\/novaveritas.education\/index.php\/dc_auditor_iso-iec_170252018-2\/\">Formaci\u00f3n Auditor ISO\/IEC 17025:2017<\/a><\/td><td><a href=\"https:\/\/novaveritas.education\/index.php\/dc_auditor_iso-iec_170252018-2\/\">US$ 149.00<\/a><\/td><\/tr><tr><td><img loading=\"lazy\" decoding=\"async\" width=\"25\" height=\"25\" class=\"wp-image-144\" style=\"width: 25px;\" src=\"https:\/\/novaveritas.education\/wp-content\/uploads\/2024\/04\/nv-25-25.gif\" alt=\"\"> <a href=\"https:\/\/novaveritas.education\/index.php\/auditor-lider-iso-370012025\/\">Formaci\u00f3n Auditor ISO 37001:2025<\/a><\/td><td>US$ 149.00<\/td><\/tr><tr><td><img loading=\"lazy\" decoding=\"async\" width=\"25\" height=\"25\" class=\"wp-image-144\" style=\"width: 25px;\" src=\"https:\/\/novaveritas.education\/wp-content\/uploads\/2024\/04\/nv-25-25.gif\" alt=\"\"> <a href=\"https:\/\/novaveritas.education\/index.php\/dc_gestion-riesgo_iso_31000\/\" data-type=\"page\" data-id=\"195\">Formaci\u00f3n Gesti\u00f3n del Riesgo ISO 31000<\/a><\/td><td><a href=\"https:\/\/novaveritas.education\/index.php\/dc_gestion-riesgo_iso_31000\/\" data-type=\"page\" data-id=\"195\">US$ 149.00<\/a><\/td><\/tr><tr><td><img loading=\"lazy\" decoding=\"async\" width=\"25\" height=\"25\" class=\"wp-image-144\" style=\"width: 25px;\" src=\"https:\/\/novaveritas.education\/wp-content\/uploads\/2024\/04\/nv-25-25.gif\" alt=\"\"> <a href=\"https:\/\/novaveritas.education\/index.php\/dc-auditor-del-sistema-de-gestion-integrado\/\" target=\"_blank\" rel=\"noreferrer noopener\">Formaci\u00f3n Auditor Trinorma (Asincr\u00f3nico)<\/a><\/td><td><a href=\"https:\/\/novaveritas.education\/index.php\/dc-auditor-del-sistema-de-gestion-integrado\/\" target=\"_blank\" rel=\"noreferrer noopener\">US$ 250.00<\/a><\/td><\/tr><\/tbody><\/table><\/figure>\n\n\n<div class=\"wp-block-image\">\n<figure class=\"aligncenter size-full\"><a href=\"https:\/\/novaveritas.education\/campanas\/hibrido_abril_26\/\" target=\"_blank\" rel=\" noreferrer noopener\"><img loading=\"lazy\" decoding=\"async\" width=\"800\" height=\"250\" src=\"https:\/\/novaveritas.education\/wp-content\/uploads\/2026\/03\/banner_hibrido.png\" alt=\"\" class=\"wp-image-411\" srcset=\"https:\/\/novaveritas.education\/wp-content\/uploads\/2026\/03\/banner_hibrido.png 800w, https:\/\/novaveritas.education\/wp-content\/uploads\/2026\/03\/banner_hibrido-300x94.png 300w, https:\/\/novaveritas.education\/wp-content\/uploads\/2026\/03\/banner_hibrido-768x240.png 768w\" sizes=\"auto, (max-width: 800px) 100vw, 800px\" \/><\/a><\/figure>\n<\/div>","protected":false},"excerpt":{"rendered":"<p>Novaveritas Academy ofrece gran variedad de cursos de formaci\u00f3n continua, principalmente en el \u00e1mbito de la gesti\u00f3n de negocios, gesti\u00f3n por procesos, gesti\u00f3n del riesgo, gesti\u00f3n ambiental, gesti\u00f3n de la salud y seguridad ocupacional, formaci\u00f3n de auditores de sistemas de gesti\u00f3n, normas internacionales de informaci\u00f3n financiera, finanzas, prevenci\u00f3n del lavado de activos, entre otros. \u00bfC\u00f3mo [&hellip;]<\/p>\n","protected":false},"author":1,"featured_media":96,"parent":0,"menu_order":0,"comment_status":"closed","ping_status":"closed","template":"","meta":{"footnotes":""},"class_list":["post-14","page","type-page","status-publish","has-post-thumbnail","hentry"],"_links":{"self":[{"href":"https:\/\/novaveritas.education\/index.php\/wp-json\/wp\/v2\/pages\/14","targetHints":{"allow":["GET"]}}],"collection":[{"href":"https:\/\/novaveritas.education\/index.php\/wp-json\/wp\/v2\/pages"}],"about":[{"href":"https:\/\/novaveritas.education\/index.php\/wp-json\/wp\/v2\/types\/page"}],"author":[{"embeddable":true,"href":"https:\/\/novaveritas.education\/index.php\/wp-json\/wp\/v2\/users\/1"}],"replies":[{"embeddable":true,"href":"https:\/\/novaveritas.education\/index.php\/wp-json\/wp\/v2\/comments?post=14"}],"version-history":[{"count":33,"href":"https:\/\/novaveritas.education\/index.php\/wp-json\/wp\/v2\/pages\/14\/revisions"}],"predecessor-version":[{"id":412,"href":"https:\/\/novaveritas.education\/index.php\/wp-json\/wp\/v2\/pages\/14\/revisions\/412"}],"wp:featuredmedia":[{"embeddable":true,"href":"https:\/\/novaveritas.education\/index.php\/wp-json\/wp\/v2\/media\/96"}],"wp:attachment":[{"href":"https:\/\/novaveritas.education\/index.php\/wp-json\/wp\/v2\/media?parent=14"}],"curies":[{"name":"wp","href":"https:\/\/api.w.org\/{rel}","templated":true}]}}