{"id":118,"date":"2024-04-22T20:05:53","date_gmt":"2024-04-22T20:05:53","guid":{"rendered":"https:\/\/novaveritas.education\/?page_id=118"},"modified":"2024-09-28T01:38:36","modified_gmt":"2024-09-28T01:38:36","slug":"dc-auditor_iso_140012015","status":"publish","type":"page","link":"https:\/\/novaveritas.education\/index.php\/dc-auditor_iso_140012015\/","title":{"rendered":"DC-AUDITOR_ISO_14001:2015"},"content":{"rendered":"\n<figure class=\"wp-block-image size-full\"><img loading=\"lazy\" decoding=\"async\" width=\"1024\" height=\"576\" src=\"https:\/\/novaveritas.education\/wp-content\/uploads\/2024\/04\/www.novaveritas.org-1024-x-576-px.png\" alt=\"\" class=\"wp-image-131\" srcset=\"https:\/\/novaveritas.education\/wp-content\/uploads\/2024\/04\/www.novaveritas.org-1024-x-576-px.png 1024w, https:\/\/novaveritas.education\/wp-content\/uploads\/2024\/04\/www.novaveritas.org-1024-x-576-px-300x169.png 300w, https:\/\/novaveritas.education\/wp-content\/uploads\/2024\/04\/www.novaveritas.org-1024-x-576-px-768x432.png 768w\" sizes=\"auto, (max-width: 1024px) 100vw, 1024px\" \/><\/figure>\n\n\n\n<h2 class=\"wp-block-heading\">Curso de formaci\u00f3n por competencias de Auditor ISO 14001:2015<\/h2>\n\n\n\n<p>Cada d\u00eda son m\u00e1s las organizaciones que implementan sistemas de gesti\u00f3n ambiental basados en la norma internacional ISO 14001:2015; las normas basadas en la filosof\u00eda de la mejora continua requieren que los sistemas de gesti\u00f3n posean recursos humanos cualificados en la disciplina espec\u00edfica, y<br>en este sentido, nuestro curso ofrece las herramientas necesarias para la formaci\u00f3n por competencias en t\u00e9cnicas de<strong> auditor\u00edas de sistemas de gesti\u00f3n ambiental<\/strong>, basadas en la ISO 14001:2015 y 19011:2018, capaces de gestionar un programa de auditor\u00edas, y desarrollar una auditor\u00eda de manera eficaz.<\/p>\n\n\n\n<h2 class=\"wp-block-heading\">Objetivos<\/h2>\n\n\n\n<p>Al t\u00e9rmino del curso el participante ser\u00e1 capaz de gestionar un proceso de auditor\u00eda; comprender los requisitos necesarios para seleccionar un equipo de auditores; planificar y ejecutar un plan de auditor\u00edas de manera remota o presencial de primera, segunda o tercera parte aplicado a la norma internacional<strong> ISO 14001:2015.<\/strong><\/p>\n\n\n\n<h2 class=\"wp-block-heading\">Duraci\u00f3n del curso<\/h2>\n\n\n\n<p>El curso de formaci\u00f3n de auditor por competencias en la norma internacional ISO 14001:2015 tiene una duraci\u00f3n de 5 semanas en la modalidad E-Learning. El curso, adicionalmente, incorpora los m\u00f3dulos de introducci\u00f3n a la norma ISO 14001:2015, analizada desde el punto de vista de un auditor.<\/p>\n\n\n\n<div class=\"wp-block-buttons is-content-justification-center is-layout-flex wp-container-core-buttons-is-layout-16018d1d wp-block-buttons-is-layout-flex\">\n<div class=\"wp-block-button\"><a class=\"wp-block-button__link wp-element-button\" href=\"https:\/\/novaveritas.education\/pensum\/202-Presentacion-AuditorISO-14001.pdf\" target=\"_blank\" rel=\"noreferrer noopener\">Lea el pensum del curso en este enlace&#8230;<\/a><\/div>\n<\/div>\n\n\n\n<h2 class=\"wp-block-heading\"><strong>\u00a1Invierta ahora en su futuro!<\/strong><\/h2>\n\n\n\n<script async\n  src=\"https:\/\/js.stripe.com\/v3\/buy-button.js\">\n<\/script>\n\n<stripe-buy-button\n  buy-button-id=\"buy_btn_1Q0S1pIvGUSQtmHnov5rJDpS\"\n  publishable-key=\"pk_live_51OzQJKIvGUSQtmHn6Dzyn7BqDmddEGZ9df2QO7EpdMgUHPkuhFbUKEp3XJ8D6EKGmKsN3XKr49S1zA1Labt7qCmz00OsJ0eWtn\"\n>\n<\/stripe-buy-button>\n\n\n\n<h2 class=\"wp-block-heading\">Matric\u00falese en curso<\/h2>\n\n\n\n<p><strong>Una vez que haya completado el pago, env\u00edenos el siguiente formulario de matr\u00edcula.<\/strong><\/p>\n\n\n<div class=\"wp-block-image\">\n<figure class=\"aligncenter size-full\"><a href=\"https:\/\/form.jotform.com\/242196351535053\" target=\"_blank\" rel=\"noreferrer noopener\"><img loading=\"lazy\" decoding=\"async\" width=\"800\" height=\"40\" src=\"https:\/\/novaveritas.education\/wp-content\/uploads\/2024\/04\/matriculate-aca.png\" alt=\"\" class=\"wp-image-115\" srcset=\"https:\/\/novaveritas.education\/wp-content\/uploads\/2024\/04\/matriculate-aca.png 800w, https:\/\/novaveritas.education\/wp-content\/uploads\/2024\/04\/matriculate-aca-300x15.png 300w, https:\/\/novaveritas.education\/wp-content\/uploads\/2024\/04\/matriculate-aca-768x38.png 768w\" sizes=\"auto, (max-width: 800px) 100vw, 800px\" \/><\/a><\/figure>\n<\/div>\n\n\n<p><\/p>\n","protected":false},"excerpt":{"rendered":"<p>Curso de formaci\u00f3n por competencias de Auditor ISO 14001:2015 Cada d\u00eda son m\u00e1s las organizaciones que implementan sistemas de gesti\u00f3n ambiental basados en la norma internacional ISO 14001:2015; las normas basadas en la filosof\u00eda de la mejora continua requieren que los sistemas de gesti\u00f3n posean recursos humanos cualificados en la disciplina espec\u00edfica, yen este sentido, [&hellip;]<\/p>\n","protected":false},"author":1,"featured_media":0,"parent":0,"menu_order":0,"comment_status":"closed","ping_status":"closed","template":"","meta":{"footnotes":""},"class_list":["post-118","page","type-page","status-publish","hentry"],"_links":{"self":[{"href":"https:\/\/novaveritas.education\/index.php\/wp-json\/wp\/v2\/pages\/118","targetHints":{"allow":["GET"]}}],"collection":[{"href":"https:\/\/novaveritas.education\/index.php\/wp-json\/wp\/v2\/pages"}],"about":[{"href":"https:\/\/novaveritas.education\/index.php\/wp-json\/wp\/v2\/types\/page"}],"author":[{"embeddable":true,"href":"https:\/\/novaveritas.education\/index.php\/wp-json\/wp\/v2\/users\/1"}],"replies":[{"embeddable":true,"href":"https:\/\/novaveritas.education\/index.php\/wp-json\/wp\/v2\/comments?post=118"}],"version-history":[{"count":12,"href":"https:\/\/novaveritas.education\/index.php\/wp-json\/wp\/v2\/pages\/118\/revisions"}],"predecessor-version":[{"id":326,"href":"https:\/\/novaveritas.education\/index.php\/wp-json\/wp\/v2\/pages\/118\/revisions\/326"}],"wp:attachment":[{"href":"https:\/\/novaveritas.education\/index.php\/wp-json\/wp\/v2\/media?parent=118"}],"curies":[{"name":"wp","href":"https:\/\/api.w.org\/{rel}","templated":true}]}}