{"id":112,"date":"2024-04-22T19:41:35","date_gmt":"2024-04-22T19:41:35","guid":{"rendered":"https:\/\/novaveritas.education\/?page_id=112"},"modified":"2024-09-18T17:56:11","modified_gmt":"2024-09-18T17:56:11","slug":"dc-auditor_iso_90012015","status":"publish","type":"page","link":"https:\/\/novaveritas.education\/index.php\/dc-auditor_iso_90012015\/","title":{"rendered":"DC-AUDITOR_ISO_9001:2015"},"content":{"rendered":"\n<figure class=\"wp-block-image size-full\"><img loading=\"lazy\" decoding=\"async\" width=\"1024\" height=\"576\" src=\"https:\/\/novaveritas.education\/wp-content\/uploads\/2024\/04\/AUDITOR-ISO-90012015.png\" alt=\"\" class=\"wp-image-157\" srcset=\"https:\/\/novaveritas.education\/wp-content\/uploads\/2024\/04\/AUDITOR-ISO-90012015.png 1024w, https:\/\/novaveritas.education\/wp-content\/uploads\/2024\/04\/AUDITOR-ISO-90012015-300x169.png 300w, https:\/\/novaveritas.education\/wp-content\/uploads\/2024\/04\/AUDITOR-ISO-90012015-768x432.png 768w\" sizes=\"auto, (max-width: 1024px) 100vw, 1024px\" \/><\/figure>\n\n\n\n<h2 class=\"wp-block-heading\">Cursos de formaci\u00f3n por competencias de Auditor ISO 9001:2015<\/h2>\n\n\n\n<p>Un sistema de gesti\u00f3n de la calidad es un conjunto de documentos orientados con el firme prop\u00f3sito de asegurar el cumplimiento de requisitos, orientarse a procesos, gestionar los riesgos y las oportunidades y garantizar la satisfacci\u00f3n del cliente. Para que el sistema sea considerado eficaz precisa ser evaluado en el sentido de determinar que se cumplen los requisitos pertinentes y esto es posible realizarlo mediante un programa de auditor\u00edas, tanto internas como externas.<\/p>\n\n\n\n<p>Nuestro curso de formaci\u00f3n de<strong> auditores de sistemas de gesti\u00f3n de la calidad<\/strong> permiten al participante adquirir las competencias necesitas que le permitir\u00e1n liderar un equipo de auditores en un proceso de auditor\u00eda, gestionar un programa de auditor\u00eda, establecer las bases para implementar un sistema de selecci\u00f3n de auditores, ejecutar una auditor\u00eda interna o externa mediante metodolog\u00edas pertinentes, mediante la adquisici\u00f3n de conocimientos te\u00f3ricos y pr\u00e1cticos necesarios para comprender las directrices de la norma ISO 19011:2015 y aplicarlos en un entorno <strong>ISO 9001:2015 <\/strong>y en cualquier otro entorno en el que el participante sea competente.<\/p>\n\n\n\n<h2 class=\"wp-block-heading\">Objetivos<\/h2>\n\n\n\n<p>Al t\u00e9rmino del curso el participante ser\u00e1 capaz de gestionar un programa de auditor\u00eda de un sistema de gesti\u00f3n de la calidad; comprender los requisitos necesarios para seleccionar un equipo de auditores y ejecutar un plan de auditor\u00edas de manera remota o presencial de primera, segunda parte aplicado a la norma internacional ISO 9001:2015<\/p>\n\n\n\n<div class=\"wp-block-buttons is-content-justification-center is-layout-flex wp-container-core-buttons-is-layout-16018d1d wp-block-buttons-is-layout-flex\">\n<div class=\"wp-block-button\"><a class=\"wp-block-button__link wp-element-button\" href=\"https:\/\/novaveritas.education\/pensum\/201-Presentacion-AuditorISO-9001.pdf\" target=\"_blank\" rel=\"noreferrer noopener\">Lea el pensum del curso en este enlace<\/a><\/div>\n<\/div>\n\n\n\n<h2 class=\"wp-block-heading\"><strong>\u00a1Invierta ahora en su futuro!<\/strong><\/h2>\n\n\n\n<script async\n  src=\"https:\/\/js.stripe.com\/v3\/buy-button.js\">\n<\/script>\n\n<stripe-buy-button\n  buy-button-id=\"buy_btn_1Q0S1pIvGUSQtmHnov5rJDpS\"\n  publishable-key=\"pk_live_51OzQJKIvGUSQtmHn6Dzyn7BqDmddEGZ9df2QO7EpdMgUHPkuhFbUKEp3XJ8D6EKGmKsN3XKr49S1zA1Labt7qCmz00OsJ0eWtn\"\n>\n<\/stripe-buy-button>\n\n\n\n<h2 class=\"wp-block-heading\">Matric\u00falese en curso<\/h2>\n\n\n\n<p><strong>Una vez que haya completado el pago, env\u00edenos el siguiente formulario de matr\u00edcula<\/strong><\/p>\n\n\n<div class=\"wp-block-image\">\n<figure class=\"aligncenter size-full is-resized\"><a href=\"https:\/\/form.jotform.com\/242196351535053\" target=\"_blank\" rel=\"noreferrer noopener\"><img loading=\"lazy\" decoding=\"async\" width=\"800\" height=\"40\" src=\"https:\/\/novaveritas.education\/wp-content\/uploads\/2024\/04\/matriculate-aca.png\" alt=\"\" class=\"wp-image-115\" style=\"width:800px;height:auto\" srcset=\"https:\/\/novaveritas.education\/wp-content\/uploads\/2024\/04\/matriculate-aca.png 800w, https:\/\/novaveritas.education\/wp-content\/uploads\/2024\/04\/matriculate-aca-300x15.png 300w, https:\/\/novaveritas.education\/wp-content\/uploads\/2024\/04\/matriculate-aca-768x38.png 768w\" sizes=\"auto, (max-width: 800px) 100vw, 800px\" \/><\/a><\/figure>\n<\/div>","protected":false},"excerpt":{"rendered":"<p>Cursos de formaci\u00f3n por competencias de Auditor ISO 9001:2015 Un sistema de gesti\u00f3n de la calidad es un conjunto de documentos orientados con el firme prop\u00f3sito de asegurar el cumplimiento de requisitos, orientarse a procesos, gestionar los riesgos y las oportunidades y garantizar la satisfacci\u00f3n del cliente. Para que el sistema sea considerado eficaz precisa [&hellip;]<\/p>\n","protected":false},"author":1,"featured_media":0,"parent":0,"menu_order":0,"comment_status":"closed","ping_status":"closed","template":"","meta":{"footnotes":""},"class_list":["post-112","page","type-page","status-publish","hentry"],"_links":{"self":[{"href":"https:\/\/novaveritas.education\/index.php\/wp-json\/wp\/v2\/pages\/112","targetHints":{"allow":["GET"]}}],"collection":[{"href":"https:\/\/novaveritas.education\/index.php\/wp-json\/wp\/v2\/pages"}],"about":[{"href":"https:\/\/novaveritas.education\/index.php\/wp-json\/wp\/v2\/types\/page"}],"author":[{"embeddable":true,"href":"https:\/\/novaveritas.education\/index.php\/wp-json\/wp\/v2\/users\/1"}],"replies":[{"embeddable":true,"href":"https:\/\/novaveritas.education\/index.php\/wp-json\/wp\/v2\/comments?post=112"}],"version-history":[{"count":8,"href":"https:\/\/novaveritas.education\/index.php\/wp-json\/wp\/v2\/pages\/112\/revisions"}],"predecessor-version":[{"id":304,"href":"https:\/\/novaveritas.education\/index.php\/wp-json\/wp\/v2\/pages\/112\/revisions\/304"}],"wp:attachment":[{"href":"https:\/\/novaveritas.education\/index.php\/wp-json\/wp\/v2\/media?parent=112"}],"curies":[{"name":"wp","href":"https:\/\/api.w.org\/{rel}","templated":true}]}}